{"id":4439,"date":"2021-10-12T16:27:24","date_gmt":"2021-10-12T16:27:24","guid":{"rendered":"http:\/\/dummy.xtemos.com\/woodmart2\/elementor\/?page_id=4439"},"modified":"2024-12-26T09:21:30","modified_gmt":"2024-12-26T08:21:30","slug":"contatto","status":"publish","type":"page","link":"https:\/\/vandaag.digital\/it\/contatto\/","title":{"rendered":"Contattateci"},"content":{"rendered":"\t\t<div data-elementor-type=\"wp-page\" data-elementor-id=\"4439\" class=\"elementor elementor-4439\" data-elementor-post-type=\"page\">\n\t\t\t\t<div class=\"elementor-element elementor-element-c2acb3d wd-section-stretch-content e-flex e-con-boxed e-con e-parent\" data-id=\"c2acb3d\" data-element_type=\"container\" data-e-type=\"container\">\n\t\t\t\t\t<div class=\"e-con-inner\">\n\t\t\t\t<div class=\"elementor-element elementor-element-f038a47 elementor-widget elementor-widget-google_maps\" data-id=\"f038a47\" data-element_type=\"widget\" data-e-type=\"widget\" data-widget_type=\"google_maps.default\">\n\t\t\t\t<div class=\"elementor-widget-container\">\n\t\t\t\t\t\t\t<div class=\"elementor-custom-embed\">\n\t\t\t<iframe loading=\"lazy\"\n\t\t\t\t\tsrc=\"https:\/\/maps.google.com\/maps?q=Via%20dell%27Abbadessa%2C%207%2F3%2C%2042121%2C%20Reggio%20Emilia&#038;t=m&#038;z=14&#038;output=embed&#038;iwloc=near\"\n\t\t\t\t\ttitle=\"Via dell&#039;Abbadessa, 7\/3, 42121, Reggio Emilia\"\n\t\t\t\t\taria-label=\"Via dell&#039;Abbadessa, 7\/3, 42121, Reggio Emilia\"\n\t\t\t><\/iframe>\n\t\t<\/div>\n\t\t\t\t\t\t<\/div>\n\t\t\t\t<\/div>\n\t\t\t\t\t<\/div>\n\t\t\t\t<\/div>\n\t\t<div class=\"wd-negative-gap elementor-element elementor-element-cb322d0 e-flex e-con-boxed e-con e-parent\" data-id=\"cb322d0\" data-element_type=\"container\" data-e-type=\"container\">\n\t\t\t\t\t<div class=\"e-con-inner\">\n\t\t<div class=\"elementor-element elementor-element-1f0abe4 e-con-full e-flex e-con e-child\" data-id=\"1f0abe4\" data-element_type=\"container\" data-e-type=\"container\">\n\t\t\t\t<div class=\"elementor-element elementor-element-071523a wd-width-100 elementor-widget elementor-widget-wd_title\" data-id=\"071523a\" data-element_type=\"widget\" data-e-type=\"widget\" data-widget_type=\"wd_title.default\">\n\t\t\t\t<div class=\"elementor-widget-container\">\n\t\t\t\t\t\t\t<div class=\"title-wrapper wd-set-mb reset-last-child wd-title-color-default wd-title-style-default wd-title-size-default text-left\">\n\n\t\t\t\t\t\t\t\t\t\t\t<div class=\"title-subtitle subtitle-color-default subtitle-style-default wd-fontsize-xs\">\n\t\t\t\t\tPreguntas Frecuentes\t\t\t\t<\/div>\n\t\t\t\n\t\t\t<div class=\"liner-continer\">\n\t\t\t\t<h4 class=\"woodmart-title-container title wd-fontsize-l\">Preguntas Frecuentes Respondidas<\/h4> \n\t\t\t\t\t\t\t<\/div>\n\n\t\t\t\t\t<\/div>\n\t\t\t\t\t\t<\/div>\n\t\t\t\t<\/div>\n\t\t\t\t<div class=\"elementor-element elementor-element-2a7c1c6 elementor-widget elementor-widget-wd_accordion\" data-id=\"2a7c1c6\" data-element_type=\"widget\" data-e-type=\"widget\" data-widget_type=\"wd_accordion.default\">\n\t\t\t\t<div class=\"elementor-widget-container\">\n\t\t\t\t\t\n\t\t<div class=\"wd-accordion wd-style-default wd-titles-left wd-opener-pos-right wd-opener-style-arrow\" data-state=\"first\">\n\t\t\t\t\t\t\t\n\t\t\t\t<div class=\"wd-accordion-item\">\n\t\t\t\t\t<div class=\"wd-accordion-title wd-active\" data-accordion-index=\"0\">\n\t\t\t\t\t\t<div class=\"wd-accordion-title-text\">\n\t\t\t\t\t\t\t\t\t\t\t\t\t\t<span>\n\t\t\t\t\t\t\t\tUn Ejemplo de como podr\u00edan ayudar?\t\t\t\t\t\t\t<\/span>\n\t\t\t\t\t\t<\/div>\n\t\t\t\t\t\t<span class=\"wd-accordion-opener\"><\/span>\n\t\t\t\t\t<\/div>\n\n\t\t\t\t\t<div class=\"wd-accordion-content wd-entry-content wd-active\" data-accordion-index=\"0\">\n\t\t\t\t\t\t\t\t\t\t\t\t\t\n\t\t\t\t\t\t\t<p><span style=\"font-weight: 400;\">Por ejemplo, \u00bfSe imagina un Robot que pueda ayudar a responder preguntas de sus clientes en su propia tienda en l\u00ednea? \u00bfO un Asistente que lo ayude a organizar citas en su cl\u00ednica m\u00e9dica?. Todos nuestros proyectos est\u00e1n al d\u00eda en materia de ley Europea y cumplen con los Reglamentos Generales de Protecci\u00f3n de Datos (GDPR). <\/span><\/p>\n\t\t\t\t\t\t\t\t\t\t\t\t\t\t\t\t\t\t<\/div>\n\t\t\t\t<\/div>\n\t\t\t\t\t<\/div>\n\t\t\t\t\t\t<\/div>\n\t\t\t\t<\/div>\n\t\t\t\t<\/div>\n\t\t<div class=\"elementor-element elementor-element-789122a e-con-full e-flex e-con e-child\" data-id=\"789122a\" data-element_type=\"container\" data-e-type=\"container\">\n\t\t\t\t<div class=\"elementor-element elementor-element-775ddc4 wd-width-100 elementor-widget elementor-widget-wd_title\" data-id=\"775ddc4\" data-element_type=\"widget\" data-e-type=\"widget\" data-widget_type=\"wd_title.default\">\n\t\t\t\t<div class=\"elementor-widget-container\">\n\t\t\t\t\t\t\t<div class=\"title-wrapper wd-set-mb reset-last-child wd-title-color-default wd-title-style-default wd-title-size-default text-left\">\n\n\t\t\t\t\t\t\t\t\t\t\t<div class=\"title-subtitle subtitle-color-default subtitle-style-default wd-fontsize-xs\">\n\t\t\t\t\tObt\u00e9n una llamada con nosotros\t\t\t\t<\/div>\n\t\t\t\n\t\t\t<div class=\"liner-continer\">\n\t\t\t\t<h4 class=\"woodmart-title-container title wd-fontsize-l\">Te contactaremos lo antes posible<\/h4> \n\t\t\t\t\t\t\t<\/div>\n\n\t\t\t\t\t<\/div>\n\t\t\t\t\t\t<\/div>\n\t\t\t\t<\/div>\n\t\t\t\t<div class=\"elementor-element elementor-element-dfe0d78 elementor-button-align-start elementor-widget elementor-widget-form\" data-id=\"dfe0d78\" data-element_type=\"widget\" data-e-type=\"widget\" data-settings=\"{&quot;step_next_label&quot;:&quot;Next&quot;,&quot;step_previous_label&quot;:&quot;Previous&quot;,&quot;button_width&quot;:&quot;100&quot;,&quot;step_type&quot;:&quot;number_text&quot;,&quot;step_icon_shape&quot;:&quot;circle&quot;}\" data-widget_type=\"form.default\">\n\t\t\t\t<div class=\"elementor-widget-container\">\n\t\t\t\t\t\t\t<form class=\"elementor-form\" method=\"post\" name=\"New Form\" aria-label=\"New Form\">\n\t\t\t<input type=\"hidden\" name=\"post_id\" value=\"4439\"\/>\n\t\t\t<input type=\"hidden\" name=\"form_id\" value=\"dfe0d78\"\/>\n\t\t\t<input type=\"hidden\" name=\"referer_title\" value=\"Ponerse en contacto - Vandaag Digital \u2014 Tu Progreso Digital Empieza Hoy\" \/>\n\n\t\t\t\t\t\t\t<input type=\"hidden\" name=\"queried_id\" value=\"4439\"\/>\n\t\t\t\n\t\t\t<div class=\"elementor-form-fields-wrapper elementor-labels-above\">\n\t\t\t\t\t\t\t\t<div class=\"elementor-field-type-text elementor-field-group elementor-column elementor-field-group-name elementor-col-100\">\n\t\t\t\t\t\t\t\t\t\t\t\t<label for=\"form-field-name\" class=\"elementor-field-label\">\n\t\t\t\t\t\t\t\tNombre\t\t\t\t\t\t\t<\/label>\n\t\t\t\t\t\t\t\t\t\t\t\t\t\t<input size=\"1\" type=\"text\" name=\"form_fields[name]\" id=\"form-field-name\" class=\"elementor-field elementor-size-sm  elementor-field-textual\" placeholder=\"Pedro Picapiedra\">\n\t\t\t\t\t\t\t\t\t\t\t<\/div>\n\t\t\t\t\t\t\t\t<div class=\"elementor-field-type-email elementor-field-group elementor-column elementor-field-group-email elementor-col-100 elementor-field-required\">\n\t\t\t\t\t\t\t\t\t\t\t\t<label for=\"form-field-email\" class=\"elementor-field-label\">\n\t\t\t\t\t\t\t\tCorreo Electr\u00f3nico\t\t\t\t\t\t\t<\/label>\n\t\t\t\t\t\t\t\t\t\t\t\t\t\t<input size=\"1\" type=\"email\" name=\"form_fields[email]\" id=\"form-field-email\" class=\"elementor-field elementor-size-sm  elementor-field-textual\" placeholder=\"pedro@mail.com\" required=\"required\">\n\t\t\t\t\t\t\t\t\t\t\t<\/div>\n\t\t\t\t\t\t\t\t<div class=\"elementor-field-type-textarea elementor-field-group elementor-column elementor-field-group-message elementor-col-100\">\n\t\t\t\t\t\t\t\t\t\t\t\t<label for=\"form-field-message\" class=\"elementor-field-label\">\n\t\t\t\t\t\t\t\tMensaje\t\t\t\t\t\t\t<\/label>\n\t\t\t\t\t\t<textarea class=\"elementor-field-textual elementor-field  elementor-size-sm\" name=\"form_fields[message]\" id=\"form-field-message\" rows=\"4\" placeholder=\"Me gustar\u00eda ayuda con mi empresa de...\"><\/textarea>\t\t\t\t<\/div>\n\t\t\t\t\t\t\t\t<div class=\"elementor-field-group elementor-column elementor-field-type-submit elementor-col-100 e-form__buttons\">\n\t\t\t\t\t<button class=\"elementor-button elementor-size-sm elementor-animation-grow\" type=\"submit\">\n\t\t\t\t\t\t<span class=\"elementor-button-content-wrapper\">\n\t\t\t\t\t\t\t\t\t\t\t\t\t\t\t\t\t\t\t\t\t\t<span class=\"elementor-button-text\">Enviar Solicitud<\/span>\n\t\t\t\t\t\t\t\t\t\t\t\t\t<\/span>\n\t\t\t\t\t<\/button>\n\t\t\t\t<\/div>\n\t\t\t<\/div>\n\t\t<\/form>\n\t\t\t\t\t\t<\/div>\n\t\t\t\t<\/div>\n\t\t\t\t<\/div>\n\t\t\t\t\t<\/div>\n\t\t\t\t<\/div>\n\t\t\t\t<\/div>\n\t\t","protected":false},"excerpt":{"rendered":"<p>Domande frequenti Domande frequenti Risposte Un esempio di come potrebbero aiutare? Ad esempio, riuscite a immaginare un Robot che possa aiutare<\/p>","protected":false},"author":1,"featured_media":0,"parent":0,"menu_order":0,"comment_status":"closed","ping_status":"closed","template":"","meta":{"footnotes":""},"class_list":["post-4439","page","type-page","status-publish","hentry"],"yoast_head":"<!-- This site is optimized with the Yoast SEO plugin v27.5 - https:\/\/yoast.com\/product\/yoast-seo-wordpress\/ -->\n<title>Ponerse en contacto - Vandaag Digital \u2014 Tu Progreso Digital Empieza Hoy<\/title>\n<meta name=\"robots\" content=\"index, follow, max-snippet:-1, max-image-preview:large, max-video-preview:-1\" \/>\n<link rel=\"canonical\" href=\"https:\/\/vandaag.digital\/it\/contatto\/\" \/>\n<meta property=\"og:locale\" content=\"it_IT\" \/>\n<meta property=\"og:type\" content=\"article\" \/>\n<meta property=\"og:title\" content=\"Ponerse en contacto - Vandaag Digital \u2014 Tu Progreso Digital Empieza Hoy\" \/>\n<meta property=\"og:description\" content=\"Preguntas Frecuentes Preguntas Frecuentes Respondidas Un Ejemplo de como podr\u00edan ayudar? Por ejemplo, \u00bfSe imagina un Robot que pueda ayudar\" \/>\n<meta property=\"og:url\" content=\"https:\/\/vandaag.digital\/it\/contatto\/\" \/>\n<meta property=\"og:site_name\" content=\"Vandaag Digital \u2014 Tu Progreso Digital Empieza Hoy\" \/>\n<meta property=\"article:modified_time\" content=\"2024-12-26T08:21:30+00:00\" \/>\n<meta name=\"twitter:card\" content=\"summary_large_image\" \/>\n<meta name=\"twitter:label1\" content=\"Tempo di lettura stimato\" \/>\n\t<meta name=\"twitter:data1\" content=\"1 minuto\" \/>\n<script type=\"application\/ld+json\" class=\"yoast-schema-graph\">{\"@context\":\"https:\\\/\\\/schema.org\",\"@graph\":[{\"@type\":\"WebPage\",\"@id\":\"https:\\\/\\\/vandaag.digital\\\/contacto\\\/\",\"url\":\"https:\\\/\\\/vandaag.digital\\\/contacto\\\/\",\"name\":\"Ponerse en contacto - Vandaag Digital \u2014 Tu Progreso Digital Empieza Hoy\",\"isPartOf\":{\"@id\":\"https:\\\/\\\/vandaag.digital\\\/#website\"},\"datePublished\":\"2021-10-12T16:27:24+00:00\",\"dateModified\":\"2024-12-26T08:21:30+00:00\",\"breadcrumb\":{\"@id\":\"https:\\\/\\\/vandaag.digital\\\/contacto\\\/#breadcrumb\"},\"inLanguage\":\"it-IT\",\"potentialAction\":[{\"@type\":\"ReadAction\",\"target\":[\"https:\\\/\\\/vandaag.digital\\\/contacto\\\/\"]}]},{\"@type\":\"BreadcrumbList\",\"@id\":\"https:\\\/\\\/vandaag.digital\\\/contacto\\\/#breadcrumb\",\"itemListElement\":[{\"@type\":\"ListItem\",\"position\":1,\"name\":\"Portada\",\"item\":\"https:\\\/\\\/vandaag.digital\\\/\"},{\"@type\":\"ListItem\",\"position\":2,\"name\":\"Ponerse en contacto\"}]},{\"@type\":\"WebSite\",\"@id\":\"https:\\\/\\\/vandaag.digital\\\/#website\",\"url\":\"https:\\\/\\\/vandaag.digital\\\/\",\"name\":\"Vandaag Digital \u2014 Tu Progreso Digital Empieza Hoy\",\"description\":\"Ofrecemos soluciones accesibles en el mercado europeo de digitalizaci\u00f3n, software a medida, marketing, desarrollo de sitios web, aplicaciones, inteligencia artificial y ciberseguridad.\",\"publisher\":{\"@id\":\"https:\\\/\\\/vandaag.digital\\\/#organization\"},\"potentialAction\":[{\"@type\":\"SearchAction\",\"target\":{\"@type\":\"EntryPoint\",\"urlTemplate\":\"https:\\\/\\\/vandaag.digital\\\/?s={search_term_string}\"},\"query-input\":{\"@type\":\"PropertyValueSpecification\",\"valueRequired\":true,\"valueName\":\"search_term_string\"}}],\"inLanguage\":\"it-IT\"},{\"@type\":\"Organization\",\"@id\":\"https:\\\/\\\/vandaag.digital\\\/#organization\",\"name\":\"Vandaag Digital \u2014 Tu Progreso Digital Empieza Hoy\",\"url\":\"https:\\\/\\\/vandaag.digital\\\/\",\"logo\":{\"@type\":\"ImageObject\",\"inLanguage\":\"it-IT\",\"@id\":\"https:\\\/\\\/vandaag.digital\\\/#\\\/schema\\\/logo\\\/image\\\/\",\"url\":\"https:\\\/\\\/vandaag.digital\\\/wp-content\\\/uploads\\\/2024\\\/08\\\/cropped-logoVandaag512x512.png\",\"contentUrl\":\"https:\\\/\\\/vandaag.digital\\\/wp-content\\\/uploads\\\/2024\\\/08\\\/cropped-logoVandaag512x512.png\",\"width\":512,\"height\":512,\"caption\":\"Vandaag Digital \u2014 Tu Progreso Digital Empieza Hoy\"},\"image\":{\"@id\":\"https:\\\/\\\/vandaag.digital\\\/#\\\/schema\\\/logo\\\/image\\\/\"}}]}<\/script>\n<!-- \/ Yoast SEO plugin. -->","yoast_head_json":{"title":"Contattate - Vandaag Digital - Il vostro progresso digitale inizia oggi","robots":{"index":"index","follow":"follow","max-snippet":"max-snippet:-1","max-image-preview":"max-image-preview:large","max-video-preview":"max-video-preview:-1"},"canonical":"https:\/\/vandaag.digital\/it\/contatto\/","og_locale":"it_IT","og_type":"article","og_title":"Ponerse en contacto - Vandaag Digital \u2014 Tu Progreso Digital Empieza Hoy","og_description":"Preguntas Frecuentes Preguntas Frecuentes Respondidas Un Ejemplo de como podr\u00edan ayudar? Por ejemplo, \u00bfSe imagina un Robot que pueda ayudar","og_url":"https:\/\/vandaag.digital\/it\/contatto\/","og_site_name":"Vandaag Digital \u2014 Tu Progreso Digital Empieza Hoy","article_modified_time":"2024-12-26T08:21:30+00:00","twitter_card":"summary_large_image","twitter_misc":{"Tempo di lettura stimato":"1 minuto"},"schema":{"@context":"https:\/\/schema.org","@graph":[{"@type":"WebPage","@id":"https:\/\/vandaag.digital\/contacto\/","url":"https:\/\/vandaag.digital\/contacto\/","name":"Contattate - Vandaag Digital - Il vostro progresso digitale inizia oggi","isPartOf":{"@id":"https:\/\/vandaag.digital\/#website"},"datePublished":"2021-10-12T16:27:24+00:00","dateModified":"2024-12-26T08:21:30+00:00","breadcrumb":{"@id":"https:\/\/vandaag.digital\/contacto\/#breadcrumb"},"inLanguage":"it-IT","potentialAction":[{"@type":"ReadAction","target":["https:\/\/vandaag.digital\/contacto\/"]}]},{"@type":"BreadcrumbList","@id":"https:\/\/vandaag.digital\/contacto\/#breadcrumb","itemListElement":[{"@type":"ListItem","position":1,"name":"Portada","item":"https:\/\/vandaag.digital\/"},{"@type":"ListItem","position":2,"name":"Ponerse en contacto"}]},{"@type":"WebSite","@id":"https:\/\/vandaag.digital\/#website","url":"https:\/\/vandaag.digital\/","name":"Vandaag Digital - Il vostro progresso digitale inizia oggi","description":"Offriamo soluzioni convenienti nel mercato europeo per la digitalizzazione, il software personalizzato, il marketing, lo sviluppo di siti web, le applicazioni, l'intelligenza artificiale e la sicurezza informatica.","publisher":{"@id":"https:\/\/vandaag.digital\/#organization"},"potentialAction":[{"@type":"SearchAction","target":{"@type":"EntryPoint","urlTemplate":"https:\/\/vandaag.digital\/?s={search_term_string}"},"query-input":{"@type":"PropertyValueSpecification","valueRequired":true,"valueName":"search_term_string"}}],"inLanguage":"it-IT"},{"@type":"Organization","@id":"https:\/\/vandaag.digital\/#organization","name":"Vandaag Digital - Il vostro progresso digitale inizia oggi","url":"https:\/\/vandaag.digital\/","logo":{"@type":"ImageObject","inLanguage":"it-IT","@id":"https:\/\/vandaag.digital\/#\/schema\/logo\/image\/","url":"https:\/\/vandaag.digital\/wp-content\/uploads\/2024\/08\/cropped-logoVandaag512x512.png","contentUrl":"https:\/\/vandaag.digital\/wp-content\/uploads\/2024\/08\/cropped-logoVandaag512x512.png","width":512,"height":512,"caption":"Vandaag Digital \u2014 Tu Progreso Digital Empieza Hoy"},"image":{"@id":"https:\/\/vandaag.digital\/#\/schema\/logo\/image\/"}}]}},"_links":{"self":[{"href":"https:\/\/vandaag.digital\/it\/wp-json\/wp\/v2\/pages\/4439","targetHints":{"allow":["GET"]}}],"collection":[{"href":"https:\/\/vandaag.digital\/it\/wp-json\/wp\/v2\/pages"}],"about":[{"href":"https:\/\/vandaag.digital\/it\/wp-json\/wp\/v2\/types\/page"}],"author":[{"embeddable":true,"href":"https:\/\/vandaag.digital\/it\/wp-json\/wp\/v2\/users\/1"}],"replies":[{"embeddable":true,"href":"https:\/\/vandaag.digital\/it\/wp-json\/wp\/v2\/comments?post=4439"}],"version-history":[{"count":0,"href":"https:\/\/vandaag.digital\/it\/wp-json\/wp\/v2\/pages\/4439\/revisions"}],"wp:attachment":[{"href":"https:\/\/vandaag.digital\/it\/wp-json\/wp\/v2\/media?parent=4439"}],"curies":[{"name":"wp","href":"https:\/\/api.w.org\/{rel}","templated":true}]}}