{"id":3,"date":"2024-08-31T13:57:14","date_gmt":"2024-08-31T13:57:14","guid":{"rendered":"http:\/\/vandaag.digital\/?page_id=3"},"modified":"2025-04-07T14:24:23","modified_gmt":"2025-04-07T12:24:23","slug":"politique-de-cookies","status":"publish","type":"page","link":"https:\/\/vandaag.digital\/fr\/politique-de-cookies\/","title":{"rendered":"Politique en mati\u00e8re de cookies"},"content":{"rendered":"<p>Au <strong>Vandaag Digital<\/strong>nous prot\u00e9geons la vie priv\u00e9e de nos utilisateurs. La pr\u00e9sente politique d\u00e9crit la mani\u00e8re dont nous utilisons les cookies conform\u00e9ment au r\u00e8glement g\u00e9n\u00e9ral sur la protection des donn\u00e9es (RGPD).<\/p>\n\n\n\n<p><em>Cette politique en mati\u00e8re de cookies a \u00e9t\u00e9 mise \u00e0 jour pour la derni\u00e8re fois le 7 avril 2025 et s'applique aux citoyens et aux r\u00e9sidents l\u00e9gaux permanents de l'Espace \u00e9conomique europ\u00e9en et de la Suisse.<\/em><\/p>\n\n\n\n<h2 class=\"wp-block-heading\">1. introduction<\/h2>\n\n\n\n<p>Notre site web,&nbsp;<a href=\"https:\/\/vandaag.digital\/fr\/\">https:\/\/vandaag.digital<\/a>&nbsp;(ci-apr\u00e8s : \"le site web\") utilise des cookies et d'autres technologies connexes (par commodit\u00e9, toutes les technologies sont d\u00e9sign\u00e9es par le terme \"cookies\"). Des cookies sont \u00e9galement plac\u00e9s par des tiers avec lesquels nous avons pass\u00e9 des contrats. Dans le document suivant, nous vous informons sur l'utilisation des cookies sur notre site web.<\/p>\n\n\n\n<h2 class=\"wp-block-heading\">2) Qu'est-ce qu'un cookie ?<\/h2>\n\n\n\n<p>Un cookie est un petit fichier envoy\u00e9 avec les pages de ce site web et stock\u00e9 par votre navigateur sur le disque dur de votre ordinateur ou sur un autre dispositif. Les informations stock\u00e9es peuvent \u00eatre renvoy\u00e9es \u00e0 nos serveurs ou \u00e0 des serveurs tiers appropri\u00e9s lors d'une visite ult\u00e9rieure.<\/p>\n\n\n\n<h2 class=\"wp-block-heading\">3) Qu'est-ce qu'un script ?<\/h2>\n\n\n\n<p>Un script est un morceau de code de programme qui est utilis\u00e9 pour faire fonctionner notre site web correctement et de mani\u00e8re interactive. Ce code s'ex\u00e9cute sur notre serveur ou sur votre appareil.<\/p>\n\n\n\n<h2 class=\"wp-block-heading\">4) Qu'est-ce qu'une balise web ?<\/h2>\n\n\n\n<p>Une balise web (ou pixel tag) est un petit \u00e9l\u00e9ment invisible de texte ou d'image sur un site web qui est utilis\u00e9 pour surveiller le trafic sur un site web. Pour ce faire, diverses donn\u00e9es vous concernant sont stock\u00e9es par ces balises web.<\/p>\n\n\n\n<h2 class=\"wp-block-heading\">5. Cookies<\/h2>\n\n\n\n<p>5.1 Cookies techniques ou fonctionnels<\/p>\n\n\n\n<p>Certains cookies garantissent le bon fonctionnement de certaines parties du site web et la m\u00e9morisation de vos pr\u00e9f\u00e9rences d'utilisateur. En pla\u00e7ant des cookies fonctionnels, nous facilitons votre visite sur notre site web. Ainsi, vous n'avez pas besoin de saisir plusieurs fois les m\u00eames informations lorsque vous visitez notre site web et, par exemple, les articles restent dans votre panier jusqu'\u00e0 ce que vous les ayez pay\u00e9s. Nous pouvons placer ces cookies sans votre consentement.<\/p>\n\n\n\n<p>5.2 Cookies statistiques<\/p>\n\n\n\n<p>Nous utilisons des cookies statistiques pour optimiser l'exp\u00e9rience de nos utilisateurs sur le site web. Ces cookies statistiques nous permettent d'obtenir des informations sur l'utilisation de notre site web. Nous vous demandons votre autorisation pour placer des cookies statistiques.<\/p>\n\n\n\n<p>5.3 Cookies publicitaires<\/p>\n\n\n\n<p>Nous utilisons des cookies publicitaires sur ce site web, ce qui nous permet d'obtenir des informations sur les r\u00e9sultats de la campagne. Cela se fait sur la base d'un profil que nous cr\u00e9ons en fonction de votre comportement sur le site.&nbsp;<a href=\"https:\/\/vandaag.digital\/fr\/\">https:\/\/vandaag.digital<\/a>. Ces cookies vous associent, en tant que visiteur du site web, \u00e0 un identifiant unique, mais ils ne permettent pas de cr\u00e9er un profil de votre comportement et de vos int\u00e9r\u00eats afin de vous pr\u00e9senter des publicit\u00e9s personnalis\u00e9es.<\/p>\n\n\n\n<p>5.4 Cookies de marketing\/tra\u00e7age<\/p>\n\n\n\n<p>Les cookies de marketing\/tra\u00e7age sont des cookies, ou toute autre forme de stockage local, utilis\u00e9s pour cr\u00e9er des profils d'utilisateurs afin d'afficher de la publicit\u00e9 ou de suivre l'utilisateur sur ce site web ou sur divers sites web \u00e0 des fins de marketing similaires.<\/p>\n\n\n\n<p>Comme ces cookies sont consid\u00e9r\u00e9s comme des cookies de suivi, nous vous demandons votre autorisation pour les placer.<\/p>\n\n\n\n<p>5.5 R\u00e9seaux sociaux<\/p>\n\n\n\n<p>Sur notre site web, nous avons int\u00e9gr\u00e9 des contenus provenant d'Instagram, de Facebook, de LinkedIn, de WhatsApp et de TikTok afin de promouvoir des pages web (par exemple \"Like\", \"Pin\") ou de les partager (par exemple \"tweet\") sur des r\u00e9seaux sociaux tels qu'Instagram, Facebook, LinkedIn, WhatsApp et TikTok. Ce contenu est int\u00e9gr\u00e9 avec un code d\u00e9riv\u00e9 d'Instagram, Facebook, LinkedIn, WhatsApp et TikTok et stocke des cookies. Ce contenu peut traiter certaines informations pour des publicit\u00e9s personnalis\u00e9es.<\/p>\n\n\n\n<p>Veuillez lire la politique de confidentialit\u00e9 de ces r\u00e9seaux sociaux (qui peut changer fr\u00e9quemment) pour savoir ce qu'ils font de vos donn\u00e9es (personnelles) qu'ils traitent \u00e0 l'aide de ces cookies. Les donn\u00e9es qu'ils re\u00e7oivent sont anonymis\u00e9es autant que possible. Instagram, Facebook, LinkedIn, WhatsApp et TikTok sont situ\u00e9s aux \u00c9tats-Unis.<\/p>\n\n\n\n<h2 class=\"wp-block-heading\">6. Cookies utilis\u00e9s<\/h2>\n\n\n\n<div class= \"cky-audit-table-element\"><\/div>\n\n\n\n<h2 class=\"wp-block-heading\">7. Consentement<\/h2>\n\n\n\n<p>Lorsque vous visitez notre site web pour la premi\u00e8re fois, nous affichons une fen\u00eatre contextuelle contenant des explications sur les cookies. D\u00e8s que vous cliquez sur \"Accepter\", vous acceptez que nous utilisions les cat\u00e9gories de cookies et de plugins que vous avez s\u00e9lectionn\u00e9es dans la fen\u00eatre contextuelle, comme d\u00e9crit dans la pr\u00e9sente politique en mati\u00e8re de cookies. Vous pouvez d\u00e9sactiver l'utilisation des cookies via votre navigateur, mais veuillez noter que notre site web pourrait ne plus fonctionner correctement.<\/p>\n\n\n\n<h2 class=\"wp-block-heading\">8. Activation\/d\u00e9sactivation et suppression des cookies<\/h2>\n\n\n\n<p>Vous pouvez utiliser votre navigateur Internet pour supprimer les cookies automatiquement ou manuellement. Vous pouvez \u00e9galement sp\u00e9cifier que certains cookies ne peuvent pas \u00eatre plac\u00e9s. Vous pouvez \u00e9galement modifier les param\u00e8tres de votre navigateur Internet de mani\u00e8re \u00e0 recevoir un message chaque fois qu'un cookie est plac\u00e9. Pour plus d'informations sur ces options, veuillez vous r\u00e9f\u00e9rer aux instructions de la section \"Aide\" de votre navigateur.<\/p>\n\n\n\n<p>Veuillez noter que notre site web peut ne pas fonctionner correctement si tous les cookies sont d\u00e9sactiv\u00e9s. Si vous supprimez les cookies de votre navigateur, ils seront \u00e0 nouveau plac\u00e9s apr\u00e8s votre consentement lorsque vous visiterez \u00e0 nouveau nos sites web.<\/p>\n\n\n\n<h2 class=\"wp-block-heading\">9. Vos droits en mati\u00e8re de donn\u00e9es \u00e0 caract\u00e8re personnel<\/h2>\n\n\n\n<p>Vous disposez des droits suivants en ce qui concerne vos donn\u00e9es personnelles :<\/p>\n\n\n\n<ul class=\"wp-block-list\">\n<li>Vous avez le droit de savoir pourquoi vos donn\u00e9es personnelles sont n\u00e9cessaires, ce qu'il en adviendra et combien de temps elles seront conserv\u00e9es.<\/li>\n\n\n\n<li>Droit d'acc\u00e8s : vous avez le droit d'acc\u00e9der aux donn\u00e9es personnelles que nous d\u00e9tenons \u00e0 votre sujet.<\/li>\n\n\n\n<li>Droit de rectification : vous avez le droit de compl\u00e9ter, de rectifier, de supprimer ou de bloquer vos donn\u00e9es \u00e0 caract\u00e8re personnel \u00e0 tout moment.<\/li>\n\n\n\n<li>Si vous nous donnez votre accord pour traiter vos donn\u00e9es, vous avez le droit de r\u00e9voquer cet accord et de faire effacer vos donn\u00e9es personnelles.<\/li>\n\n\n\n<li>Droit de transf\u00e9rer vos donn\u00e9es : vous avez le droit de demander au responsable du traitement de vous communiquer toutes vos donn\u00e9es \u00e0 caract\u00e8re personnel et de les transf\u00e9rer int\u00e9gralement \u00e0 un autre responsable du traitement.<\/li>\n\n\n\n<li>Droit d'opposition : vous pouvez vous opposer au traitement de vos donn\u00e9es. Nous nous y conformons, \u00e0 moins qu'il n'existe des motifs justifi\u00e9s pour le traitement.<\/li>\n<\/ul>\n\n\n\n<p>Pour exercer ces droits, veuillez nous contacter. Vous trouverez nos coordonn\u00e9es au bas de la pr\u00e9sente politique en mati\u00e8re de cookies. Si vous avez des r\u00e9clamations concernant la mani\u00e8re dont nous traitons vos donn\u00e9es, nous aimerions les entendre, mais vous avez \u00e9galement le droit de d\u00e9poser une plainte aupr\u00e8s de l'autorit\u00e9 de surveillance (l'autorit\u00e9 de protection des donn\u00e9es).<\/p>\n\n\n\n<h2 class=\"wp-block-heading\">10. Coordonn\u00e9es de la personne \u00e0 contacter<\/h2>\n\n\n\n<p>Pour toute question et\/ou commentaire concernant notre politique en mati\u00e8re de cookies et la pr\u00e9sente d\u00e9claration, veuillez nous contacter en utilisant les coordonn\u00e9es ci-dessous :<\/p>\n\n\n\n<figure class=\"wp-block-image size-full is-resized\"><img fetchpriority=\"high\" decoding=\"async\" width=\"554\" height=\"310\" src=\"https:\/\/vandaag.digital\/wp-content\/uploads\/2025\/04\/image.png\" alt=\"\" class=\"wp-image-16381\" style=\"width:377px;height:auto\" srcset=\"https:\/\/vandaag.digital\/wp-content\/uploads\/2025\/04\/image.png 554w, https:\/\/vandaag.digital\/wp-content\/uploads\/2025\/04\/image-400x224.png 400w, https:\/\/vandaag.digital\/wp-content\/uploads\/2025\/04\/image-18x10.png 18w\" sizes=\"(max-width: 554px) 100vw, 554px\" \/><\/figure>\n\n\n\n<p><\/p>","protected":false},"excerpt":{"rendered":"<p>Chez Vandaag Digital, nous prot\u00e9geons la vie priv\u00e9e de nos utilisateurs. Cette politique d\u00e9crit la mani\u00e8re dont nous utilisons les cookies conform\u00e9ment \u00e0 la<\/p>","protected":false},"author":1,"featured_media":0,"parent":0,"menu_order":0,"comment_status":"closed","ping_status":"closed","template":"","meta":{"footnotes":""},"class_list":["post-3","page","type-page","status-publish","hentry"],"yoast_head":"<!-- This site is optimized with the Yoast SEO plugin v27.4 - https:\/\/yoast.com\/product\/yoast-seo-wordpress\/ -->\n<title>Pol\u00edtica de Cookies - Vandaag Digital \u2014 Tu Progreso Digital Empieza Hoy<\/title>\n<meta name=\"robots\" content=\"index, follow, max-snippet:-1, max-image-preview:large, max-video-preview:-1\" \/>\n<link rel=\"canonical\" href=\"https:\/\/vandaag.digital\/fr\/politique-de-cookies\/\" \/>\n<meta property=\"og:locale\" content=\"fr_FR\" \/>\n<meta property=\"og:type\" content=\"article\" \/>\n<meta property=\"og:title\" content=\"Pol\u00edtica de Cookies - Vandaag Digital \u2014 Tu Progreso Digital Empieza Hoy\" \/>\n<meta property=\"og:description\" content=\"En Vandaag Digital, protegemos la privacidad de nuestros usuarios. Esta pol\u00edtica describe c\u00f3mo utilizamos las cookies en conformidad con la\" \/>\n<meta property=\"og:url\" content=\"https:\/\/vandaag.digital\/fr\/politique-de-cookies\/\" \/>\n<meta property=\"og:site_name\" content=\"Vandaag Digital \u2014 Tu Progreso Digital Empieza Hoy\" \/>\n<meta property=\"article:modified_time\" content=\"2025-04-07T12:24:23+00:00\" \/>\n<meta property=\"og:image\" content=\"https:\/\/vandaag.digital\/wp-content\/uploads\/2025\/04\/image.png\" \/>\n\t<meta property=\"og:image:width\" content=\"554\" \/>\n\t<meta property=\"og:image:height\" content=\"310\" \/>\n\t<meta property=\"og:image:type\" content=\"image\/png\" \/>\n<meta name=\"twitter:card\" content=\"summary_large_image\" \/>\n<meta name=\"twitter:label1\" content=\"Dur\u00e9e de lecture estim\u00e9e\" \/>\n\t<meta name=\"twitter:data1\" content=\"5 minutes\" \/>\n<script type=\"application\/ld+json\" class=\"yoast-schema-graph\">{\"@context\":\"https:\\\/\\\/schema.org\",\"@graph\":[{\"@type\":\"WebPage\",\"@id\":\"https:\\\/\\\/vandaag.digital\\\/politica-de-cookies\\\/\",\"url\":\"https:\\\/\\\/vandaag.digital\\\/politica-de-cookies\\\/\",\"name\":\"Pol\u00edtica de Cookies - Vandaag Digital \u2014 Tu Progreso Digital Empieza Hoy\",\"isPartOf\":{\"@id\":\"https:\\\/\\\/vandaag.digital\\\/#website\"},\"primaryImageOfPage\":{\"@id\":\"https:\\\/\\\/vandaag.digital\\\/politica-de-cookies\\\/#primaryimage\"},\"image\":{\"@id\":\"https:\\\/\\\/vandaag.digital\\\/politica-de-cookies\\\/#primaryimage\"},\"thumbnailUrl\":\"https:\\\/\\\/vandaag.digital\\\/wp-content\\\/uploads\\\/2025\\\/04\\\/image.png\",\"datePublished\":\"2024-08-31T13:57:14+00:00\",\"dateModified\":\"2025-04-07T12:24:23+00:00\",\"breadcrumb\":{\"@id\":\"https:\\\/\\\/vandaag.digital\\\/politica-de-cookies\\\/#breadcrumb\"},\"inLanguage\":\"fr-FR\",\"potentialAction\":[{\"@type\":\"ReadAction\",\"target\":[\"https:\\\/\\\/vandaag.digital\\\/politica-de-cookies\\\/\"]}]},{\"@type\":\"ImageObject\",\"inLanguage\":\"fr-FR\",\"@id\":\"https:\\\/\\\/vandaag.digital\\\/politica-de-cookies\\\/#primaryimage\",\"url\":\"https:\\\/\\\/vandaag.digital\\\/wp-content\\\/uploads\\\/2025\\\/04\\\/image.png\",\"contentUrl\":\"https:\\\/\\\/vandaag.digital\\\/wp-content\\\/uploads\\\/2025\\\/04\\\/image.png\"},{\"@type\":\"BreadcrumbList\",\"@id\":\"https:\\\/\\\/vandaag.digital\\\/politica-de-cookies\\\/#breadcrumb\",\"itemListElement\":[{\"@type\":\"ListItem\",\"position\":1,\"name\":\"Portada\",\"item\":\"https:\\\/\\\/vandaag.digital\\\/\"},{\"@type\":\"ListItem\",\"position\":2,\"name\":\"Pol\u00edtica de Cookies\"}]},{\"@type\":\"WebSite\",\"@id\":\"https:\\\/\\\/vandaag.digital\\\/#website\",\"url\":\"https:\\\/\\\/vandaag.digital\\\/\",\"name\":\"Vandaag Digital \u2014 Tu Progreso Digital Empieza Hoy\",\"description\":\"Ofrecemos soluciones accesibles en el mercado europeo de digitalizaci\u00f3n, software a medida, marketing, desarrollo de sitios web, aplicaciones, inteligencia artificial y ciberseguridad.\",\"publisher\":{\"@id\":\"https:\\\/\\\/vandaag.digital\\\/#organization\"},\"potentialAction\":[{\"@type\":\"SearchAction\",\"target\":{\"@type\":\"EntryPoint\",\"urlTemplate\":\"https:\\\/\\\/vandaag.digital\\\/?s={search_term_string}\"},\"query-input\":{\"@type\":\"PropertyValueSpecification\",\"valueRequired\":true,\"valueName\":\"search_term_string\"}}],\"inLanguage\":\"fr-FR\"},{\"@type\":\"Organization\",\"@id\":\"https:\\\/\\\/vandaag.digital\\\/#organization\",\"name\":\"Vandaag Digital \u2014 Tu Progreso Digital Empieza Hoy\",\"url\":\"https:\\\/\\\/vandaag.digital\\\/\",\"logo\":{\"@type\":\"ImageObject\",\"inLanguage\":\"fr-FR\",\"@id\":\"https:\\\/\\\/vandaag.digital\\\/#\\\/schema\\\/logo\\\/image\\\/\",\"url\":\"https:\\\/\\\/vandaag.digital\\\/wp-content\\\/uploads\\\/2024\\\/08\\\/cropped-logoVandaag512x512.png\",\"contentUrl\":\"https:\\\/\\\/vandaag.digital\\\/wp-content\\\/uploads\\\/2024\\\/08\\\/cropped-logoVandaag512x512.png\",\"width\":512,\"height\":512,\"caption\":\"Vandaag Digital \u2014 Tu Progreso Digital Empieza Hoy\"},\"image\":{\"@id\":\"https:\\\/\\\/vandaag.digital\\\/#\\\/schema\\\/logo\\\/image\\\/\"}}]}<\/script>\n<!-- \/ Yoast SEO plugin. -->","yoast_head_json":{"title":"Politique en mati\u00e8re de cookies - Vandaag Digital - Tu Progreso Digital Empieza Hoy","robots":{"index":"index","follow":"follow","max-snippet":"max-snippet:-1","max-image-preview":"max-image-preview:large","max-video-preview":"max-video-preview:-1"},"canonical":"https:\/\/vandaag.digital\/fr\/politique-de-cookies\/","og_locale":"fr_FR","og_type":"article","og_title":"Pol\u00edtica de Cookies - Vandaag Digital \u2014 Tu Progreso Digital Empieza Hoy","og_description":"En Vandaag Digital, protegemos la privacidad de nuestros usuarios. Esta pol\u00edtica describe c\u00f3mo utilizamos las cookies en conformidad con la","og_url":"https:\/\/vandaag.digital\/fr\/politique-de-cookies\/","og_site_name":"Vandaag Digital \u2014 Tu Progreso Digital Empieza Hoy","article_modified_time":"2025-04-07T12:24:23+00:00","og_image":[{"width":554,"height":310,"url":"https:\/\/vandaag.digital\/wp-content\/uploads\/2025\/04\/image.png","type":"image\/png"}],"twitter_card":"summary_large_image","twitter_misc":{"Dur\u00e9e de lecture estim\u00e9e":"5 minutes"},"schema":{"@context":"https:\/\/schema.org","@graph":[{"@type":"WebPage","@id":"https:\/\/vandaag.digital\/politica-de-cookies\/","url":"https:\/\/vandaag.digital\/politica-de-cookies\/","name":"Politique en mati\u00e8re de cookies - Vandaag Digital - Tu Progreso Digital Empieza Hoy","isPartOf":{"@id":"https:\/\/vandaag.digital\/#website"},"primaryImageOfPage":{"@id":"https:\/\/vandaag.digital\/politica-de-cookies\/#primaryimage"},"image":{"@id":"https:\/\/vandaag.digital\/politica-de-cookies\/#primaryimage"},"thumbnailUrl":"https:\/\/vandaag.digital\/wp-content\/uploads\/2025\/04\/image.png","datePublished":"2024-08-31T13:57:14+00:00","dateModified":"2025-04-07T12:24:23+00:00","breadcrumb":{"@id":"https:\/\/vandaag.digital\/politica-de-cookies\/#breadcrumb"},"inLanguage":"fr-FR","potentialAction":[{"@type":"ReadAction","target":["https:\/\/vandaag.digital\/politica-de-cookies\/"]}]},{"@type":"ImageObject","inLanguage":"fr-FR","@id":"https:\/\/vandaag.digital\/politica-de-cookies\/#primaryimage","url":"https:\/\/vandaag.digital\/wp-content\/uploads\/2025\/04\/image.png","contentUrl":"https:\/\/vandaag.digital\/wp-content\/uploads\/2025\/04\/image.png"},{"@type":"BreadcrumbList","@id":"https:\/\/vandaag.digital\/politica-de-cookies\/#breadcrumb","itemListElement":[{"@type":"ListItem","position":1,"name":"Portada","item":"https:\/\/vandaag.digital\/"},{"@type":"ListItem","position":2,"name":"Pol\u00edtica de Cookies"}]},{"@type":"WebSite","@id":"https:\/\/vandaag.digital\/#website","url":"https:\/\/vandaag.digital\/","name":"Vandaag Digital - Votre progr\u00e8s num\u00e9rique commence aujourd'hui","description":"Nous proposons des solutions abordables sur le march\u00e9 europ\u00e9en pour la num\u00e9risation, les logiciels personnalis\u00e9s, le marketing, le d\u00e9veloppement de sites web, les applications, l'intelligence artificielle et la cybers\u00e9curit\u00e9.","publisher":{"@id":"https:\/\/vandaag.digital\/#organization"},"potentialAction":[{"@type":"SearchAction","target":{"@type":"EntryPoint","urlTemplate":"https:\/\/vandaag.digital\/?s={search_term_string}"},"query-input":{"@type":"PropertyValueSpecification","valueRequired":true,"valueName":"search_term_string"}}],"inLanguage":"fr-FR"},{"@type":"Organization","@id":"https:\/\/vandaag.digital\/#organization","name":"Vandaag Digital - Votre progr\u00e8s num\u00e9rique commence aujourd'hui","url":"https:\/\/vandaag.digital\/","logo":{"@type":"ImageObject","inLanguage":"fr-FR","@id":"https:\/\/vandaag.digital\/#\/schema\/logo\/image\/","url":"https:\/\/vandaag.digital\/wp-content\/uploads\/2024\/08\/cropped-logoVandaag512x512.png","contentUrl":"https:\/\/vandaag.digital\/wp-content\/uploads\/2024\/08\/cropped-logoVandaag512x512.png","width":512,"height":512,"caption":"Vandaag Digital \u2014 Tu Progreso Digital Empieza Hoy"},"image":{"@id":"https:\/\/vandaag.digital\/#\/schema\/logo\/image\/"}}]}},"_links":{"self":[{"href":"https:\/\/vandaag.digital\/fr\/wp-json\/wp\/v2\/pages\/3","targetHints":{"allow":["GET"]}}],"collection":[{"href":"https:\/\/vandaag.digital\/fr\/wp-json\/wp\/v2\/pages"}],"about":[{"href":"https:\/\/vandaag.digital\/fr\/wp-json\/wp\/v2\/types\/page"}],"author":[{"embeddable":true,"href":"https:\/\/vandaag.digital\/fr\/wp-json\/wp\/v2\/users\/1"}],"replies":[{"embeddable":true,"href":"https:\/\/vandaag.digital\/fr\/wp-json\/wp\/v2\/comments?post=3"}],"version-history":[{"count":0,"href":"https:\/\/vandaag.digital\/fr\/wp-json\/wp\/v2\/pages\/3\/revisions"}],"wp:attachment":[{"href":"https:\/\/vandaag.digital\/fr\/wp-json\/wp\/v2\/media?parent=3"}],"curies":[{"name":"wp","href":"https:\/\/api.w.org\/{rel}","templated":true}]}}