{"id":16295,"date":"2024-12-27T10:14:27","date_gmt":"2024-12-27T09:14:27","guid":{"rendered":"https:\/\/vandaag.digital\/?page_id=16295"},"modified":"2025-01-05T01:41:32","modified_gmt":"2025-01-05T00:41:32","slug":"politique-de-confidentialite","status":"publish","type":"page","link":"https:\/\/vandaag.digital\/fr\/politique-de-confidentialite\/","title":{"rendered":"Politique de confidentialit\u00e9"},"content":{"rendered":"<p>Au <strong>Vandaag Digital<\/strong>nous prot\u00e9geons la vie priv\u00e9e de nos utilisateurs. Cette politique d\u00e9crit comment nous collectons, utilisons et prot\u00e9geons les donn\u00e9es personnelles conform\u00e9ment au r\u00e8glement g\u00e9n\u00e9ral sur la protection des donn\u00e9es (RGPD).<\/p>\n\n\n\n<h3 class=\"wp-block-heading\">Qui sommes-nous ?<\/h3>\n\n\n\n\n\n<p>Le traitement des donn\u00e9es est bas\u00e9 sur votre consentement explicite. Le traitement des donn\u00e9es est bas\u00e9 sur votre consentement explicite. <strong>ex\u00e9cution d'un contrat<\/strong> ou des mesures pr\u00e9contractuelles. Les <strong>le respect d'une obligation l\u00e9gale<\/strong>.<\/p>\n\n\n\n<h3 class=\"wp-block-heading\">Cookies<\/h3>\n\n\n\n<p>Pour comprendre comment nous utilisons les cookies, veuillez consulter le lien suivant : <a href=\"https:\/\/vandaag.digital\/fr\/politique-de-cookies\/\">https:\/\/vandaag.digital\/politica-de-cookies\/<\/a><\/p>\n\n\n\n<h3 class=\"wp-block-heading\">Contenu int\u00e9gr\u00e9 d'autres sites web<\/h3>\n\n\n\n<p>Les articles de ce site peuvent contenir du contenu int\u00e9gr\u00e9 (par exemple des vid\u00e9os, des images, des articles, etc.). Le contenu int\u00e9gr\u00e9 provenant d'autres sites web se comporte exactement de la m\u00eame mani\u00e8re que si l'utilisateur avait visit\u00e9 l'autre site web directement.<\/p>\n\n\n\n<p>Ces sites web peuvent :<\/p>\n\n\n\n<ul class=\"wp-block-list\">\n<li>Collecter des donn\u00e9es vous concernant.<\/li>\n\n\n\n<li>Utiliser des cookies.<\/li>\n\n\n\n<li>Incorporer des contr\u00f4les suppl\u00e9mentaires par des tiers.<\/li>\n\n\n\n<li>Contr\u00f4ler l'interaction de l'utilisateur avec le contenu int\u00e9gr\u00e9, y compris le suivi des interactions si l'utilisateur poss\u00e8de un compte et est connect\u00e9 \u00e0 ce site.<\/li>\n\n\n\n<li>Nous vous recommandons de v\u00e9rifier les politiques de confidentialit\u00e9 des sites web externes pour comprendre comment ils traitent les donn\u00e9es personnelles.<\/li>\n<\/ul>\n\n\n\n<h3 class=\"wp-block-heading\">Avec qui nous partageons vos donn\u00e9es<\/h3>\n\n\n\n<p>Nous ne partageons vos donn\u00e9es personnelles avec des tiers que si cela est n\u00e9cessaire pour fournir nos services ou pour nous conformer \u00e0 des obligations l\u00e9gales. Il peut s'agir de<\/p>\n\n\n\n<p>Fournisseurs de services : partenaires technologiques, plateformes de paiement, outils d'h\u00e9bergement et d'analyse qui nous aident \u00e0 am\u00e9liorer l'exp\u00e9rience des utilisateurs.<\/p>\n\n\n\n<p><strong>Autorit\u00e9s l\u00e9gales :<\/strong> En cas d'applications obligatoires ou pour se conformer aux r\u00e9glementations en vigueur.<\/p>\n\n\n\n<p><strong>Tiers autoris\u00e9s par l'utilisateur :<\/strong> Uniquement si vous avez donn\u00e9 votre consentement explicite au partage.<\/p>\n\n\n\n<p>Nous nous engageons \u00e0 veiller \u00e0 ce que tous les tiers respectent les normes de s\u00e9curit\u00e9 et de confidentialit\u00e9 requises par le GDPR et d'autres r\u00e9glementations applicables.<\/p>\n\n\n\n<h3 class=\"wp-block-heading\">Droits de l'utilisateur<\/h3>\n\n\n\n<p>Les utilisateurs ont le droit de :<\/p>\n\n\n\n<ul class=\"wp-block-list\">\n<li><strong>Acc\u00e8s :<\/strong> Conna\u00eetre les donn\u00e9es personnelles que nous traitons.<\/li>\n\n\n\n<li><strong>Correction :<\/strong> Corriger les donn\u00e9es inexactes.<\/li>\n\n\n\n<li><strong>\u00c9limination :<\/strong> Demander la suppression des donn\u00e9es qui ne sont plus n\u00e9cessaires.<\/li>\n\n\n\n<li><strong>Portabilit\u00e9 :<\/strong> Recevoir des donn\u00e9es dans un format structur\u00e9.<\/li>\n\n\n\n<li><strong>Objection et limitation :<\/strong> Bloquer ou restreindre le traitement des donn\u00e9es.<\/li>\n<\/ul>\n\n\n\n<h3 class=\"wp-block-heading\"><strong>Donn\u00e9es collect\u00e9es<\/strong><\/h3>\n\n\n\n<p>Nous pouvons collecter et traiter les types de donn\u00e9es \u00e0 caract\u00e8re personnel suivants :<\/p>\n\n\n\n<ul class=\"wp-block-list\">\n<li><strong>Informations personnelles :<\/strong> Nom, adresse \u00e9lectronique, num\u00e9ro de t\u00e9l\u00e9phone.<\/li>\n\n\n\n<li><strong>Donn\u00e9es techniques :<\/strong> Adresse IP, type de navigateur, syst\u00e8me d'exploitation.<\/li>\n\n\n\n<li><strong>Informations sur l'interaction :<\/strong> Pages visit\u00e9es, temps de navigation, actions effectu\u00e9es sur le site.<\/li>\n\n\n\n<li><strong>Services de tiers :<\/strong> Il est utilis\u00e9 <strong>Complianz<\/strong> pour collecter des donn\u00e9es.<\/li>\n<\/ul>\n\n\n\n<h3 class=\"wp-block-heading\">Combien de temps conservons-nous vos donn\u00e9es ?<\/h3>\n\n\n\n<p>Si vous laissez un commentaire, celui-ci et ses m\u00e9tadonn\u00e9es sont conserv\u00e9s ind\u00e9finiment. Cela nous permet de reconna\u00eetre et d'approuver automatiquement les commentaires de suivi, plut\u00f4t que de les conserver dans une file d'attente de mod\u00e9ration.<\/p>\n\n\n\n<p>Pour les utilisateurs qui s'inscrivent sur notre site web (le cas \u00e9ch\u00e9ant), nous stockons \u00e9galement les informations personnelles fournies dans leur profil d'utilisateur. Tous les utilisateurs peuvent consulter, modifier ou supprimer leurs informations personnelles \u00e0 tout moment (sauf qu'ils ne peuvent pas changer leur nom d'utilisateur). Les administrateurs du site web peuvent \u00e9galement consulter et modifier ces informations.<\/p>\n\n\n\n<p>Nous ne conservons vos donn\u00e9es \u00e0 caract\u00e8re personnel que pendant la dur\u00e9e strictement n\u00e9cessaire \u00e0 la r\u00e9alisation des finalit\u00e9s pour lesquelles elles ont \u00e9t\u00e9 collect\u00e9es, conform\u00e9ment \u00e0 la l\u00e9gislation applicable. Cette dur\u00e9e peut varier en fonction du type de donn\u00e9es et de leur utilisation sp\u00e9cifique, mais nous nous engageons \u00e0 les supprimer ou \u00e0 les rendre anonymes une fois que leur utilit\u00e9 a pris fin, \u00e0 moins que des obligations l\u00e9gales n'exigent une conservation plus longue.<br><\/p>\n\n\n\n<h3 class=\"wp-block-heading\"><strong>Conta<\/strong>cts <\/h3>\n\n\n\n<p>Pour toute question ou demande concernant vos droits, veuillez nous contacter :<br><strong>Courriel<\/strong>: info@vandaag.digital<br><strong>Indirizzo<\/strong>Vandaag Digital Italia, Via Caggiati 10 RE Italie.<\/p>\n\n\n\n<p><strong>Web : <\/strong><a href=\"https:\/\/vandaag.digital\/it\/\">vandaag.digital<\/a><\/p>\n\n\n\n<p><\/p>","protected":false},"excerpt":{"rendered":"<p>Chez Vandaag Digital, nous prot\u00e9geons la vie priv\u00e9e de nos utilisateurs. Cette politique d\u00e9crit comment nous collectons, utilisons et prot\u00e9geons les donn\u00e9es personnelles.<\/p>","protected":false},"author":1,"featured_media":0,"parent":0,"menu_order":0,"comment_status":"closed","ping_status":"closed","template":"","meta":{"footnotes":""},"class_list":["post-16295","page","type-page","status-publish","hentry"],"yoast_head":"<!-- This site is optimized with the Yoast SEO plugin v27.4 - https:\/\/yoast.com\/product\/yoast-seo-wordpress\/ -->\n<title>Politica de Privacidad - Vandaag Digital \u2014 Tu Progreso Digital Empieza Hoy<\/title>\n<meta name=\"robots\" content=\"index, follow, max-snippet:-1, max-image-preview:large, max-video-preview:-1\" \/>\n<link rel=\"canonical\" href=\"https:\/\/vandaag.digital\/fr\/politique-de-confidentialite\/\" \/>\n<meta property=\"og:locale\" content=\"fr_FR\" \/>\n<meta property=\"og:type\" content=\"article\" \/>\n<meta property=\"og:title\" content=\"Politica de Privacidad - Vandaag Digital \u2014 Tu Progreso Digital Empieza Hoy\" \/>\n<meta property=\"og:description\" content=\"En Vandaag Digital, protegemos la privacidad de nuestros usuarios. Esta pol\u00edtica describe c\u00f3mo recopilamos, utilizamos y protegemos los datos personales\" \/>\n<meta property=\"og:url\" content=\"https:\/\/vandaag.digital\/fr\/politique-de-confidentialite\/\" \/>\n<meta property=\"og:site_name\" content=\"Vandaag Digital \u2014 Tu Progreso Digital Empieza Hoy\" \/>\n<meta property=\"article:modified_time\" content=\"2025-01-05T00:41:32+00:00\" \/>\n<meta name=\"twitter:card\" content=\"summary_large_image\" \/>\n<meta name=\"twitter:label1\" content=\"Dur\u00e9e de lecture estim\u00e9e\" \/>\n\t<meta name=\"twitter:data1\" content=\"3 minutes\" \/>\n<script type=\"application\/ld+json\" class=\"yoast-schema-graph\">{\"@context\":\"https:\\\/\\\/schema.org\",\"@graph\":[{\"@type\":\"WebPage\",\"@id\":\"https:\\\/\\\/vandaag.digital\\\/politica-de-privacidad\\\/\",\"url\":\"https:\\\/\\\/vandaag.digital\\\/politica-de-privacidad\\\/\",\"name\":\"Politica de Privacidad - Vandaag Digital \u2014 Tu Progreso Digital Empieza Hoy\",\"isPartOf\":{\"@id\":\"https:\\\/\\\/vandaag.digital\\\/#website\"},\"datePublished\":\"2024-12-27T09:14:27+00:00\",\"dateModified\":\"2025-01-05T00:41:32+00:00\",\"breadcrumb\":{\"@id\":\"https:\\\/\\\/vandaag.digital\\\/politica-de-privacidad\\\/#breadcrumb\"},\"inLanguage\":\"fr-FR\",\"potentialAction\":[{\"@type\":\"ReadAction\",\"target\":[\"https:\\\/\\\/vandaag.digital\\\/politica-de-privacidad\\\/\"]}]},{\"@type\":\"BreadcrumbList\",\"@id\":\"https:\\\/\\\/vandaag.digital\\\/politica-de-privacidad\\\/#breadcrumb\",\"itemListElement\":[{\"@type\":\"ListItem\",\"position\":1,\"name\":\"Portada\",\"item\":\"https:\\\/\\\/vandaag.digital\\\/\"},{\"@type\":\"ListItem\",\"position\":2,\"name\":\"Politica de Privacidad\"}]},{\"@type\":\"WebSite\",\"@id\":\"https:\\\/\\\/vandaag.digital\\\/#website\",\"url\":\"https:\\\/\\\/vandaag.digital\\\/\",\"name\":\"Vandaag Digital \u2014 Tu Progreso Digital Empieza Hoy\",\"description\":\"Ofrecemos soluciones accesibles en el mercado europeo de digitalizaci\u00f3n, software a medida, marketing, desarrollo de sitios web, aplicaciones, inteligencia artificial y ciberseguridad.\",\"publisher\":{\"@id\":\"https:\\\/\\\/vandaag.digital\\\/#organization\"},\"potentialAction\":[{\"@type\":\"SearchAction\",\"target\":{\"@type\":\"EntryPoint\",\"urlTemplate\":\"https:\\\/\\\/vandaag.digital\\\/?s={search_term_string}\"},\"query-input\":{\"@type\":\"PropertyValueSpecification\",\"valueRequired\":true,\"valueName\":\"search_term_string\"}}],\"inLanguage\":\"fr-FR\"},{\"@type\":\"Organization\",\"@id\":\"https:\\\/\\\/vandaag.digital\\\/#organization\",\"name\":\"Vandaag Digital \u2014 Tu Progreso Digital Empieza Hoy\",\"url\":\"https:\\\/\\\/vandaag.digital\\\/\",\"logo\":{\"@type\":\"ImageObject\",\"inLanguage\":\"fr-FR\",\"@id\":\"https:\\\/\\\/vandaag.digital\\\/#\\\/schema\\\/logo\\\/image\\\/\",\"url\":\"https:\\\/\\\/vandaag.digital\\\/wp-content\\\/uploads\\\/2024\\\/08\\\/cropped-logoVandaag512x512.png\",\"contentUrl\":\"https:\\\/\\\/vandaag.digital\\\/wp-content\\\/uploads\\\/2024\\\/08\\\/cropped-logoVandaag512x512.png\",\"width\":512,\"height\":512,\"caption\":\"Vandaag Digital \u2014 Tu Progreso Digital Empieza Hoy\"},\"image\":{\"@id\":\"https:\\\/\\\/vandaag.digital\\\/#\\\/schema\\\/logo\\\/image\\\/\"}}]}<\/script>\n<!-- \/ Yoast SEO plugin. -->","yoast_head_json":{"title":"Politique de confidentialit\u00e9 - Vandaag Digital - Tu Progreso Digital Empieza Hoy","robots":{"index":"index","follow":"follow","max-snippet":"max-snippet:-1","max-image-preview":"max-image-preview:large","max-video-preview":"max-video-preview:-1"},"canonical":"https:\/\/vandaag.digital\/fr\/politique-de-confidentialite\/","og_locale":"fr_FR","og_type":"article","og_title":"Politica de Privacidad - Vandaag Digital \u2014 Tu Progreso Digital Empieza Hoy","og_description":"En Vandaag Digital, protegemos la privacidad de nuestros usuarios. Esta pol\u00edtica describe c\u00f3mo recopilamos, utilizamos y protegemos los datos personales","og_url":"https:\/\/vandaag.digital\/fr\/politique-de-confidentialite\/","og_site_name":"Vandaag Digital \u2014 Tu Progreso Digital Empieza Hoy","article_modified_time":"2025-01-05T00:41:32+00:00","twitter_card":"summary_large_image","twitter_misc":{"Dur\u00e9e de lecture estim\u00e9e":"3 minutes"},"schema":{"@context":"https:\/\/schema.org","@graph":[{"@type":"WebPage","@id":"https:\/\/vandaag.digital\/politica-de-privacidad\/","url":"https:\/\/vandaag.digital\/politica-de-privacidad\/","name":"Politique de confidentialit\u00e9 - Vandaag Digital - Tu Progreso Digital Empieza Hoy","isPartOf":{"@id":"https:\/\/vandaag.digital\/#website"},"datePublished":"2024-12-27T09:14:27+00:00","dateModified":"2025-01-05T00:41:32+00:00","breadcrumb":{"@id":"https:\/\/vandaag.digital\/politica-de-privacidad\/#breadcrumb"},"inLanguage":"fr-FR","potentialAction":[{"@type":"ReadAction","target":["https:\/\/vandaag.digital\/politica-de-privacidad\/"]}]},{"@type":"BreadcrumbList","@id":"https:\/\/vandaag.digital\/politica-de-privacidad\/#breadcrumb","itemListElement":[{"@type":"ListItem","position":1,"name":"Portada","item":"https:\/\/vandaag.digital\/"},{"@type":"ListItem","position":2,"name":"Politica de Privacidad"}]},{"@type":"WebSite","@id":"https:\/\/vandaag.digital\/#website","url":"https:\/\/vandaag.digital\/","name":"Vandaag Digital - Votre progr\u00e8s num\u00e9rique commence aujourd'hui","description":"Nous proposons des solutions abordables sur le march\u00e9 europ\u00e9en pour la num\u00e9risation, les logiciels personnalis\u00e9s, le marketing, le d\u00e9veloppement de sites web, les applications, l'intelligence artificielle et la cybers\u00e9curit\u00e9.","publisher":{"@id":"https:\/\/vandaag.digital\/#organization"},"potentialAction":[{"@type":"SearchAction","target":{"@type":"EntryPoint","urlTemplate":"https:\/\/vandaag.digital\/?s={search_term_string}"},"query-input":{"@type":"PropertyValueSpecification","valueRequired":true,"valueName":"search_term_string"}}],"inLanguage":"fr-FR"},{"@type":"Organization","@id":"https:\/\/vandaag.digital\/#organization","name":"Vandaag Digital - Votre progr\u00e8s num\u00e9rique commence aujourd'hui","url":"https:\/\/vandaag.digital\/","logo":{"@type":"ImageObject","inLanguage":"fr-FR","@id":"https:\/\/vandaag.digital\/#\/schema\/logo\/image\/","url":"https:\/\/vandaag.digital\/wp-content\/uploads\/2024\/08\/cropped-logoVandaag512x512.png","contentUrl":"https:\/\/vandaag.digital\/wp-content\/uploads\/2024\/08\/cropped-logoVandaag512x512.png","width":512,"height":512,"caption":"Vandaag Digital \u2014 Tu Progreso Digital Empieza Hoy"},"image":{"@id":"https:\/\/vandaag.digital\/#\/schema\/logo\/image\/"}}]}},"_links":{"self":[{"href":"https:\/\/vandaag.digital\/fr\/wp-json\/wp\/v2\/pages\/16295","targetHints":{"allow":["GET"]}}],"collection":[{"href":"https:\/\/vandaag.digital\/fr\/wp-json\/wp\/v2\/pages"}],"about":[{"href":"https:\/\/vandaag.digital\/fr\/wp-json\/wp\/v2\/types\/page"}],"author":[{"embeddable":true,"href":"https:\/\/vandaag.digital\/fr\/wp-json\/wp\/v2\/users\/1"}],"replies":[{"embeddable":true,"href":"https:\/\/vandaag.digital\/fr\/wp-json\/wp\/v2\/comments?post=16295"}],"version-history":[{"count":0,"href":"https:\/\/vandaag.digital\/fr\/wp-json\/wp\/v2\/pages\/16295\/revisions"}],"wp:attachment":[{"href":"https:\/\/vandaag.digital\/fr\/wp-json\/wp\/v2\/media?parent=16295"}],"curies":[{"name":"wp","href":"https:\/\/api.w.org\/{rel}","templated":true}]}}